{"id":718,"date":"2024-09-17T12:54:38","date_gmt":"2024-09-17T11:54:38","guid":{"rendered":"https:\/\/iveo.crochet.com.pt\/property-details\/"},"modified":"2026-01-22T11:46:57","modified_gmt":"2026-01-22T11:46:57","slug":"details-de-la-propriete","status":"publish","type":"page","link":"https:\/\/idealagora.com\/fr\/details-de-la-propriete\/","title":{"rendered":"D\u00e9tails de la propri\u00e9t\u00e9"},"content":{"rendered":"\t\t<div data-elementor-type=\"wp-page\" data-elementor-id=\"718\" class=\"elementor elementor-718 elementor-240\" data-elementor-post-type=\"page\">\n\t\t\t\t<div class=\"elementor-element elementor-element-e20114c e-con-full e-flex e-con e-parent\" data-id=\"e20114c\" data-element_type=\"container\">\n\t\t\t\t<div class=\"elementor-element elementor-element-af0e68e elementor-invisible elementor-widget elementor-widget-widget-property-details\" data-id=\"af0e68e\" data-element_type=\"widget\" data-settings=\"{&quot;_animation&quot;:&quot;fadeIn&quot;}\" data-widget_type=\"widget-property-details.default\">\n\t\t\t\t<div class=\"elementor-widget-container\">\n\t\t\t\t\t<section class=\"casafari-property-details\">\n  <div class=\"container-fluid gx-0\">\n    <div class=\"row gy-4 gx-0\">\n      <div class=\"col\">\n          \n<article class=\"property__media\">\n        <div class=\"container-fluid container-iveo gx-4\">\n        <div class=\"row\">\n            <div class=\"col\">\n                <ul class=\"no-list property__media-bar\">\n                                                                                                <\/ul>\n            <\/div>\n        <\/div>\n    <\/div>\n        <\/div>\n        <\/div>\n    <\/div>\n  <\/div>\n  <div class=\"container-fluid container-iveo gx-4\">\n    <div class=\"row\">\n      <div class=\"col\">\n        <div class=\"row g-0\">\n          <div class=\"col\">\n            \n<article class=\"section property__header\">\n    <div class=\"property__title\">\n        <p class=\"property__subtitle-text\">Ref. <\/p>\n        <h1 class=\"property__title-text\"><\/h1>\n    <\/div>\n    <div class=\"property__summary\">\n        <p class=\"property__summary-location\"><\/p>\n        <div class=\"property__summary-bottom\">\n            <div class=\"property__price-wrapper\">\n                <div class=\"property__price\">\n                    Vente: <span><\/span>                <\/div>\n                <div class=\"property__share\">\n                    <label for=\"share-open-checkbox\">\n                        <span class=\"property__share-icon\"><i class=\"ph ph-share-network\"><\/i><\/span>\n                    <\/label>\n                    <input type=\"checkbox\" id=\"share-open-checkbox\">\n                    <ul class=\"no-list property__share-list\">\n                        <li><a href=\"\"><i class=\"ph-fill ph-facebook-logo\"><\/i><\/a><\/li>\n                        <li><a href=\"\"><i class=\"ph-fill ph-linkedin-logo\"><\/i><\/a><\/li>\n                        <li><a href=\"\"><i class=\"ph-fill ph-whatsapp-logo\"><\/i><\/a><\/li>\n                        <li><a href=\"\"><i class=\"ph-fill ph-x-logo\"><\/i><\/a><\/li>\n                        <li><a href=\"\"><i class=\"ph-fill ph-pinterest-logo\"><\/i><\/a><\/li>\n                    <\/ul>\n                <\/div>\n                <div class=\"property__brochure\">\n                    <a href=\"\" target=\"_blank\">\n                        <i class=\"ph ph-printer\"><\/i>\n                    <\/a>\n                <\/div>\n            <\/div>\n            <ul class=\"no-list property__summary-features\">\n                                                                                                            <\/ul>\n        <\/div>\n    <\/div>\n<\/article>\n          <\/div>\n        <\/div>\n        <div class=\"row g-0'\">\n          <div class=\"col col-md-8 col-lg-9\">\n            <div class=\"row gy-4 gx-0\">\n              <div class=\"col\">\n                              <\/div>\n            <\/div>\n            <div class=\"row gy-4 gx-0\">\n              <div class=\"col\">\n                \n              <\/div>\n            <\/div>\n            <div class=\"row gy-4 gx-0\">\n              <div class=\"col\">\n                \n              <\/div>\n            <\/div>\n          <\/div>\n          <div class=\"col col-md-4 col-lg-3\">\n            \n<article class=\"section property__sidebar\">\n    <div class=\"property__contact-form\">\n        <h3 class=\"property__contact-form-title\">Plus d'infos<\/h3>\n        \n<div class=\"wpcf7 no-js\" id=\"wpcf7-f1059-o1\" lang=\"fr-FR\" dir=\"ltr\" data-wpcf7-id=\"1059\">\n<div class=\"screen-reader-response\"><p role=\"status\" aria-live=\"polite\" aria-atomic=\"true\"><\/p> <ul><\/ul><\/div>\n<form action=\"\/fr\/wp-json\/wp\/v2\/pages\/718#wpcf7-f1059-o1\" method=\"post\" class=\"wpcf7-form init wpcf7-acceptance-as-validation\" aria-label=\"Formulaire de contact\" novalidate=\"novalidate\" data-status=\"init\">\n<fieldset class=\"hidden-fields-container\"><input type=\"hidden\" name=\"_wpcf7\" value=\"1059\" \/><input type=\"hidden\" name=\"_wpcf7_version\" value=\"6.1.4\" \/><input type=\"hidden\" name=\"_wpcf7_locale\" value=\"fr_FR\" \/><input type=\"hidden\" name=\"_wpcf7_unit_tag\" value=\"wpcf7-f1059-o1\" \/><input type=\"hidden\" name=\"_wpcf7_container_post\" value=\"0\" \/><input type=\"hidden\" name=\"_wpcf7_posted_data_hash\" value=\"\" \/><input type=\"hidden\" name=\"_wpcf7_recaptcha_response\" value=\"\" \/>\n<\/fieldset>\n<input class=\"wpcf7-form-control wpcf7-hidden\" id=\"property-reference\" value=\"\" type=\"hidden\" name=\"property-reference\" \/>\n<input class=\"wpcf7-form-control wpcf7-hidden\" id=\"property-id\" value=\"\" type=\"hidden\" name=\"property-id\" \/>\n<input class=\"wpcf7-form-control wpcf7-hidden\" id=\"lead-agent\" value=\"\" type=\"hidden\" name=\"lead-agent\" \/>\n<input class=\"wpcf7-form-control wpcf7-hidden\" id=\"lead-origin-id\" value=\"20621\" type=\"hidden\" name=\"lead-origin-id\" \/>\n<input class=\"wpcf7-form-control wpcf7-hidden\" id=\"message-placeholder\" value=\"Agent:  | Message\" type=\"hidden\" name=\"message-placeholder\" \/>\n<div class=\"form-group\">\n\t<div class=\"form-control\">\n\t\t<p><label class=\"sr-only\" for=\"name\">Nom<\/label><br \/>\n<span class=\"wpcf7-form-control-wrap\" data-name=\"your-name\"><input size=\"40\" maxlength=\"400\" class=\"wpcf7-form-control wpcf7-text wpcf7-validates-as-required\" id=\"name\" aria-required=\"true\" aria-invalid=\"false\" placeholder=\"Nom\" value=\"\" type=\"text\" name=\"your-name\" \/><\/span>\n\t\t<\/p>\n\t<\/div>\n<\/div>\n<div class=\"form-group\">\n\t<div class=\"form-control\">\n\t\t<p><label class=\"sr-only\" for=\"email\">E-mail<\/label><br \/>\n<span class=\"wpcf7-form-control-wrap\" data-name=\"your-email\"><input size=\"40\" maxlength=\"400\" class=\"wpcf7-form-control wpcf7-email wpcf7-validates-as-required wpcf7-text wpcf7-validates-as-email\" id=\"email\" autocomplete=\"email\" aria-required=\"true\" aria-invalid=\"false\" placeholder=\"E-mail\" value=\"\" type=\"email\" name=\"your-email\" \/><\/span>\n\t\t<\/p>\n\t<\/div>\n<\/div>\n<div class=\"form-group\">\n\t<div class=\"form-control\">\n\t\t<p><label class=\"sr-only\" for=\"telephone\">T\u00e9l\u00e9phone<\/label><br \/>\n<span class=\"wpcf7-form-control-wrap\" data-name=\"your-telephone\"><input size=\"40\" class=\"wpcf7-form-control wpcf7-phonetext wpcf7-validates-as-required wpcf7-text wpcf7-validates-as-phonetext\" id=\"telephone\" data-numberonly=\"true\" aria-required=\"true\" aria-invalid=\"false\" placeholder=\"T\u00e9l\u00e9phone\" value=\"\" type=\"text\" name=\"your-telephone\" \/><input type=\"hidden\" name=\"your-telephone-country-code\" class=\"wpcf7-phonetext-country-code\" \/><\/span>\n\t\t<\/p>\n\t<\/div>\n<\/div>\n<div class=\"form-group\">\n\t<div class=\"form-control\">\n\t\t<p><label class=\"sr-only\" for=\"message\">Message<\/label><br \/>\n<span class=\"wpcf7-form-control-wrap\" data-name=\"your-message\"><textarea cols=\"40\" rows=\"10\" maxlength=\"2000\" class=\"wpcf7-form-control wpcf7-textarea wpcf7-validates-as-required\" id=\"message\" aria-required=\"true\" aria-invalid=\"false\" placeholder=\"Message\" name=\"your-message\"><\/textarea><\/span>\n\t\t<\/p>\n\t<\/div>\n<\/div>\n<div class=\"form-group\">\n\t<p><span class=\"wpcf7-form-control-wrap\" data-name=\"your-acceptance\"><span class=\"wpcf7-form-control wpcf7-acceptance\"><span class=\"wpcf7-list-item\"><label><input type=\"checkbox\" name=\"your-acceptance\" value=\"1\" class=\"accept-terms\" id=\"accept-terms\" aria-invalid=\"false\" \/><span class=\"wpcf7-list-item-label\">En demandant des informations, vous autorisez I-Veo \u00e0 stocker vos donn\u00e9es afin de vous informer sur les opportunit\u00e9s immobili\u00e8res, comme indiqu\u00e9 dans notre <a href=\"\/privacy-policy\/\">politique de confidentialit\u00e9<\/a>.<\/span><\/label><\/span><\/span><\/span>\n\t<\/p>\n<\/div>\n<div class=\"form-group\">\n\t<div class=\"form-control\">\n\t\t<p><input class=\"wpcf7-form-control wpcf7-submit has-spinner btn btn--primary\" id=\"form-submit\" type=\"submit\" value=\"Envoyer\" \/>\n\t\t<\/p>\n\t<\/div>\n<\/div><div class=\"wpcf7-response-output\" aria-hidden=\"true\"><\/div>\n<\/form>\n<\/div>\n    <\/div>\n    <\/article>          <\/div>\n        <\/div>\n        <div class=\"row g-0'\">\n          <div class=\"col\">\n            \n<article class=\"section property__related\">\n    <div class=\"row\">\n        <div class=\"col\">\n            <h2 class=\"property__related-title\">Propri\u00e9t\u00e9s associ\u00e9es<\/h2>\n        <\/div>\n    <\/div>\n    <div class=\"row gy-4\">\n        <\/div>\n<\/div>\n          <\/div>\n        <\/div>\n      <\/div>\n    <\/div>\n  <\/div>\n<\/section>\n\t\t\t\t<\/div>\n\t\t\t\t<\/div>\n\t\t\t\t<\/div>\n\t\t\t\t<\/div>\n\t\t","protected":false},"excerpt":{"rendered":"<p>Ref. Sale: Plus d&rsquo;infos Nom E-mail T\u00e9l\u00e9phone Message En demandant des informations, vous autorisez I-Veo \u00e0 stocker vos donn\u00e9es afin de vous informer sur les opportunit\u00e9s immobili\u00e8res, comme indiqu\u00e9 dans notre politique de confidentialit\u00e9. Propri\u00e9t\u00e9s associ\u00e9es<\/p>\n","protected":false},"author":5,"featured_media":0,"parent":0,"menu_order":6,"comment_status":"closed","ping_status":"closed","template":"","meta":{"footnotes":""},"class_list":["post-718","page","type-page","status-publish","hentry"],"_links":{"self":[{"href":"https:\/\/idealagora.com\/fr\/wp-json\/wp\/v2\/pages\/718","targetHints":{"allow":["GET"]}}],"collection":[{"href":"https:\/\/idealagora.com\/fr\/wp-json\/wp\/v2\/pages"}],"about":[{"href":"https:\/\/idealagora.com\/fr\/wp-json\/wp\/v2\/types\/page"}],"author":[{"embeddable":true,"href":"https:\/\/idealagora.com\/fr\/wp-json\/wp\/v2\/users\/5"}],"replies":[{"embeddable":true,"href":"https:\/\/idealagora.com\/fr\/wp-json\/wp\/v2\/comments?post=718"}],"version-history":[{"count":17,"href":"https:\/\/idealagora.com\/fr\/wp-json\/wp\/v2\/pages\/718\/revisions"}],"predecessor-version":[{"id":1340,"href":"https:\/\/idealagora.com\/fr\/wp-json\/wp\/v2\/pages\/718\/revisions\/1340"}],"wp:attachment":[{"href":"https:\/\/idealagora.com\/fr\/wp-json\/wp\/v2\/media?parent=718"}],"curies":[{"name":"wp","href":"https:\/\/api.w.org\/{rel}","templated":true}]}}